{"id":39,"date":"2023-01-16T13:14:25","date_gmt":"2023-01-16T13:14:25","guid":{"rendered":"http:\/\/skiholidaysdolomites.com\/about-us\/"},"modified":"2023-09-15T06:37:53","modified_gmt":"2023-09-15T06:37:53","slug":"om-os","status":"publish","type":"page","link":"https:\/\/skiholidaysdolomites.com\/da\/about-us\/","title":{"rendered":"Om os"},"content":{"rendered":"<p>At se mine skihelte p\u00e5 tv motiverede mig til at forbedre mine f\u00e6rdigheder og tage nye udfordringer op som skil\u00f8ber, hvilket snart resulterede i, at jeg brugte hvert eneste \u00f8jeblik p\u00e5 at l\u00f8be ned ad de sned\u00e6kkede pister om vinteren.<\/p>\n\n\n\n<p>I de \u00e5r bes\u00f8gte jeg ogs\u00e5 mange udenlandske skisportssteder, og det var under disse rejser, at jeg f\u00f8rst oplevede charmen ved <strong>Italiens skisportssteder<\/strong>. De majest\u00e6tiske landskaber og kombinationen af traditionelle <strong>Alpin g\u00e6stfrihed<\/strong> med en karakteristisk italiensk flair fangede mit hjerte.<\/p>\n\n\n\n<p>Fra de perfekt pr\u00e6parerede pister til det l\u00e6kre bjergk\u00f8kken b\u00f8d Italien p\u00e5 en unik blanding af skieventyr og kulturel gl\u00e6de, der var ulig noget, jeg havde oplevet f\u00f8r.<\/p>\n\n\n\n<p>Men det, der virkelig skilte sig ud for mig, var den indbydende atmosf\u00e6re og den livlige <strong>Italiensk kultur<\/strong>. De lokale samfund var passionerede omkring skil\u00f8b, og denne entusiasme var tydelig i alle aspekter af feriestederne, fra de velholdte faciliteter til de travle afterski-scener.<\/p>\n\n\n\n<p>Derudover fandt jeg den italienske tilgang til mad og g\u00e6stfrihed meget tiltalende. Der var en unik kombination af traditionel alpevarme og italiensk k\u00f8kken, som gav skisportsstederne en s\u00e6rlig karakter.<\/p>\n\n\n\n<figure class=\"wp-block-image size-full\"><img loading=\"lazy\" decoding=\"async\" width=\"1024\" height=\"681\" src=\"https:\/\/skiholidaysdolomites.com\/wp-content\/uploads\/kanin-ski-child-x-.webp\" alt=\"Kanin ski-barn x\" class=\"wp-image-3217\" srcset=\"https:\/\/skiholidaysdolomites.com\/wp-content\/uploads\/kanin-ski-child-x-.webp 1024w, https:\/\/skiholidaysdolomites.com\/wp-content\/uploads\/kanin-ski-child-x--600x399.webp 600w, https:\/\/skiholidaysdolomites.com\/wp-content\/uploads\/kanin-ski-child-x--300x200.webp 300w, https:\/\/skiholidaysdolomites.com\/wp-content\/uploads\/kanin-ski-child-x--768x511.webp 768w, https:\/\/skiholidaysdolomites.com\/wp-content\/uploads\/kanin-ski-child-x--18x12.webp 18w\" sizes=\"auto, (max-width: 1024px) 100vw, 1024px\" \/><figcaption class=\"wp-element-caption\">De f\u00f8rste sving p\u00e5 skiene<\/figcaption><\/figure>\n\n\n\n<p>Med tiden udviklede mine hyppige bes\u00f8g i Italien sig til en dyb p\u00e5sk\u00f8nnelse af landets skisportssteder. Jeg inds\u00e5, at jeg gerne ville dele disse oplevelser med andre skientusiaster. Det fik mig til at etablere <strong>Skiferie i Dolomitterne<\/strong>med det m\u00e5l at hj\u00e6lpe andre med at opdage de fantastiske skimuligheder, som denne region har at byde p\u00e5.<\/p>\n\n\n\n<h2 class=\"wp-block-heading\">Dolomitterne har en rig skitradition<\/h2>\n\n\n\n<p>I Italien har skil\u00f8b altid v\u00e6ret en passion for sportsentusiaster som os, men Dolomitterne skiller sig ud fra m\u00e6ngden. Dette betagende omr\u00e5de garanterer ikke kun den bedste nydelse p\u00e5 nedk\u00f8rslen, men bjergudsigten vil ogs\u00e5 s\u00f8rge for, at du vil v\u00e6re i \u00e6refrygt for omgivelserne, selv n\u00e5r du s\u00e6tter dig ned for at f\u00e5 en drink og en bid mad.<\/p>\n\n\n\n<p>Regionens mad, vin og kultur er en ekstra attraktion for bes\u00f8gende, der \u00f8nsker at opleve en blanding af skil\u00f8b og andre aktiviteter. Mange af skisportsbyerne i Dolomitterne har charmerende, historiske centre, som er v\u00e6rd at udforske p\u00e5 egen h\u00e5nd.&nbsp;<\/p>\n\n\n\n<p>Mange skicentre i Dolomitterne er kendt for deres luksuri\u00f8se service og eksklusive oplevelser hele vejen rundt, fra de perfekt pr\u00e6parerede pister til de bedste restauranter og hoteller. <strong>Cortina d'Ampezzo<\/strong> bliver kaldt \"Dolomitternes perle\", men luksus er ikke kun hjemme i Cortina, i Dolomitterne finder du altid det bedste, der findes, selv hvis du er til sen eftermiddagsshopping efter en dejlig dag p\u00e5 pisterne.<\/p>\n\n\n\n<figure class=\"wp-block-image size-large\"><img decoding=\"async\" src=\"https:\/\/skiholidaysdolomites.com\/wp-content\/uploads\/shutterstock-1-15-1024x683.webp\" alt=\"Cortina d&#039;Ampezzo om natten.\" class=\"wp-image-240\"\/><figcaption class=\"wp-element-caption\">Cortina d'Ampezzo om natten<\/figcaption><\/figure>\n\n\n\n<p>P\u00e5 grund af deres unikke placering i hjertet af bjergk\u00e6den kan skisportsstederne i Dolomitterne garantere de bedste sneforhold i m\u00e5nedsvis, og selv i april er skis\u00e6sonen stadig i fuld gang. N\u00e5r du t\u00e6nker p\u00e5 skiferie i Dolomitterne, beh\u00f8ver du ikke at bekymre dig om sne, den vil v\u00e6re i overflod.&nbsp;<\/p>\n\n\n\n<p>Alle disse faktorer kombineret g\u00f8r Dolomitterne til en eftertragtet destination for ski- og snowboardentusiaster. De mange forskellige skiterr\u00e6ner, den smukke natur, de luksuri\u00f8se faciliteter, den rige kultur og den megen sne g\u00f8r det til et popul\u00e6rt rejsem\u00e5l for vinterelskere fra hele verden.&nbsp;<\/p>\n\n\n\n<h2 class=\"wp-block-heading\">Et team af lokale eksperter med et bl\u00f8dt punkt for skil\u00f8b<\/h2>\n\n\n\n<p>I \u00e5renes l\u00f8b fandt jeg sammen med mennesker, der delte den samme passion for skil\u00f8b som jeg. At vente p\u00e5 den f\u00f8rste sne var altid det sv\u00e6reste, og timerne p\u00e5 de friske pister var \u00e5rets bedste dage for os. Vi var alle enige om, at vi ville bringe sk\u00f8nheden ved denne sport t\u00e6ttere p\u00e5 andre mennesker.<\/p>\n\n\n\n<p>Dolomitterne byder p\u00e5 masser af fantastiske skisportssteder, og det er sv\u00e6rt at v\u00e6lge mellem dem, hvis du ikke kender deres fordele, og hvordan de passer til dig. Som ivrige rejsende anerkender vi den v\u00e6rdi, som <strong>Eksperter med lokalkendskab<\/strong> medbringe.<\/p>\n\n\n\n<p>Det er vores opgave i denne situation.<\/p>\n\n\n\n<figure class=\"wp-block-image size-large\"><img decoding=\"async\" src=\"https:\/\/skiholidaysdolomites.com\/wp-content\/uploads\/shutterstock-1-42-1024x767.webp\" alt=\"Du f\u00e5r alle de anvisninger, du har brug for p\u00e5 skiferie med Ski Holidays Dolomites\" class=\"wp-image-284\"\/><figcaption class=\"wp-element-caption\">Du f\u00e5r alle de anvisninger, du har brug for til en perfekt skiferie i Dolomitterne.<\/figcaption><\/figure>\n\n\n\n<p>Baseret p\u00e5 vores viden og erfaring har vi sammensat nogle af de bedste skipakker i Dolomitterne i detaljer. P\u00e5 den m\u00e5de vil folk, der bes\u00f8ger denne smukke del af Italien, kunne f\u00f8le den samme gl\u00e6de, som vi g\u00f8r, hver gang vi rammer de snekl\u00e6dte pister uden at skulle bekymre sig om planl\u00e6gningen af det hele.<\/p>\n\n\n\n<h2 class=\"wp-block-heading\">Fantastisk vinteroplevelse i de fantastiske Dolomitter<\/h2>\n\n\n\n<p>Vores mission er ikke bare at f\u00e5 vores brand til at vokse, men at forblive loyale over for vores kald om at levere den bedst mulige service til dig med den samme passion, som vi f\u00f8lte p\u00e5 vores f\u00f8rste dag.<\/p>\n\n\n\n<p>Vi arbejder t\u00e6t sammen med lokale udbydere, hvilket betyder, at vi altid er p\u00e5 forkant med de bedst mulige priser for vores kunder.&nbsp;<\/p>\n\n\n\n<figure class=\"wp-block-image size-large\"><img decoding=\"async\" src=\"https:\/\/skiholidaysdolomites.com\/wp-content\/uploads\/shutterstock-1-53-1024x683.webp\" alt=\"Shutterstock\" class=\"wp-image-335\"\/><figcaption class=\"wp-element-caption\">Du kan ikke undg\u00e5 at blive forelsket i Dolomitterne<\/figcaption><\/figure>\n\n\n\n<p>Omkostningerne forbliver lave, fordi vi driver <strong>uden mellemm\u00e6nd<\/strong>, og der er <strong>ingen skjulte gebyrer<\/strong>. Vi garanterer, at de penge, du bruger, udelukkende g\u00e5r til at give dig den perfekte oplevelse. Derudover er vi en \u00f8konomisk beskyttet virksomhed, s\u00e5 du beh\u00f8ver ikke at bekymre dig om dine penge, n\u00e5r du har booket en tur hos os.<\/p>\n\n\n\n<p>Vi \u00f8nsker kun at sikre, at skil\u00f8bet bliver en forn\u00f8jelse og problemfrit for dig.<\/p>\n\n\n\n<p>Det eneste, du skal g\u00f8re, er at tage p\u00e5 skiferie med os, og s\u00e5 vil Dolomitterne altid have en s\u00e6rlig plads i dit hjerte. Hvis du vil udforske flere skisportssteder i Italien, skal du s\u00f8rge for at tjekke vores partnere p\u00e5 <a href=\"https:\/\/skiholidaysitaly.com\/\">Skiferie i Italien.<\/a> <\/p>\n\n\n\n<p>Mens Dolomitterne er et vintervidunderland for skientusiaster, byder de ogs\u00e5 p\u00e5 betagende oplevelser i de varmere m\u00e5neder. <\/p>\n\n\n\n<p>N\u00e5r du er f\u00e6rdig med din ferie i Dolomitterne, kan du tjekke nogle af vores betroede partnere ud p\u00e5 <a href=\"https:\/\/europeskiholidays.com\/\">Skiferie i Europa<\/a> og find noget til dig selv til n\u00e6ste gang.<\/p>\n\n\n\n<p><\/p>\n<a href=\"https:\/\/www.wellaccepted.com\/\">&#8230;<\/a>","protected":false},"excerpt":{"rendered":"<p>At se mine skihelte p\u00e5 tv motiverede mig til at forbedre mine f\u00e6rdigheder og tage nye udfordringer op som skil\u00f8ber, hvilket snart resulterede i, at jeg brugte hvert eneste \u00f8jeblik p\u00e5 at l\u00f8be ned ad de sned\u00e6kkede pister om vinteren. I de \u00e5r bes\u00f8gte jeg ogs\u00e5 mange udenlandske skisportssteder, og det var under disse rejser, at jeg f\u00f8rste gang ... <a href=\"https:\/\/skiholidaysdolomites.com\/da\/about-us\/\">Fortsat<\/a><\/p>","protected":false},"author":38,"featured_media":337,"parent":0,"menu_order":0,"comment_status":"open","ping_status":"open","template":"","meta":{"_acf_changed":false,"footnotes":""},"class_list":["post-39","page","type-page","status-publish","has-post-thumbnail","hentry"],"acf":{"page_subheading":"Discover the Dolomites: where alpine warmth meets Italian flair. Ski, dine, revel in luxury, and experience unmatched beauty with Ski Holidays Dolomites."},"_links":{"self":[{"href":"https:\/\/skiholidaysdolomites.com\/da\/wp-json\/wp\/v2\/pages\/39","targetHints":{"allow":["GET"]}}],"collection":[{"href":"https:\/\/skiholidaysdolomites.com\/da\/wp-json\/wp\/v2\/pages"}],"about":[{"href":"https:\/\/skiholidaysdolomites.com\/da\/wp-json\/wp\/v2\/types\/page"}],"author":[{"embeddable":true,"href":"https:\/\/skiholidaysdolomites.com\/da\/wp-json\/wp\/v2\/users\/38"}],"replies":[{"embeddable":true,"href":"https:\/\/skiholidaysdolomites.com\/da\/wp-json\/wp\/v2\/comments?post=39"}],"version-history":[{"count":17,"href":"https:\/\/skiholidaysdolomites.com\/da\/wp-json\/wp\/v2\/pages\/39\/revisions"}],"predecessor-version":[{"id":4205,"href":"https:\/\/skiholidaysdolomites.com\/da\/wp-json\/wp\/v2\/pages\/39\/revisions\/4205"}],"wp:featuredmedia":[{"embeddable":true,"href":"https:\/\/skiholidaysdolomites.com\/da\/wp-json\/wp\/v2\/media\/337"}],"wp:attachment":[{"href":"https:\/\/skiholidaysdolomites.com\/da\/wp-json\/wp\/v2\/media?parent=39"}],"curies":[{"name":"wp","href":"https:\/\/api.w.org\/{rel}","templated":true}]}}