{"id":39,"date":"2023-01-16T13:14:25","date_gmt":"2023-01-16T13:14:25","guid":{"rendered":"http:\/\/skiholidaysdolomites.com\/about-us\/"},"modified":"2023-09-15T06:37:53","modified_gmt":"2023-09-15T06:37:53","slug":"uber-uns","status":"publish","type":"page","link":"https:\/\/skiholidaysdolomites.com\/de\/about-us\/","title":{"rendered":"\u00dcber uns"},"content":{"rendered":"<p>Der Anblick meiner Skihelden im Fernsehen motivierte mich, meine F\u00e4higkeiten zu verbessern und mich neuen Herausforderungen als Skifahrer zu stellen, was bald dazu f\u00fchrte, dass ich im Winter jeden m\u00f6glichen Moment auf den verschneiten Pisten verbrachte.<\/p>\n\n\n\n<p>In diesen Jahren habe ich auch viele ausl\u00e4ndische Skigebiete besucht, und auf diesen Reisen habe ich zum ersten Mal den Charme von <strong>Italiens Skigebiete<\/strong>. Die majest\u00e4tischen Landschaften und die Kombination aus traditionellen <strong>Alpine Gastfreundschaft<\/strong> mit einem unverwechselbaren italienischen Flair haben mein Herz erobert.<\/p>\n\n\n\n<p>Von den perfekt pr\u00e4parierten Pisten bis hin zur k\u00f6stlichen Bergk\u00fcche bot Italien eine einzigartige Mischung aus Skiabenteuer und kulturellem Genuss, wie ich sie noch nie erlebt hatte.<\/p>\n\n\n\n<p>Aber was mich wirklich beeindruckt hat, war die einladende Atmosph\u00e4re und die Lebendigkeit der <strong>Italienische Kultur<\/strong>. Die \u00f6rtlichen Gemeinden sind leidenschaftliche Skifahrer, und dieser Enthusiasmus zeigt sich in jedem Aspekt der Skigebiete, von den gut gepflegten Anlagen bis hin zu den lebhaften Apr\u00e8s-Ski-Szenen.<\/p>\n\n\n\n<p>Au\u00dferdem fand ich die italienische Einstellung zum Essen und zur Gastfreundschaft sehr ansprechend. Es gab eine einzigartige Kombination aus traditioneller alpiner Herzlichkeit und italienischer K\u00fcche, die den Skigebieten einen unverwechselbaren Charakter verlieh.<\/p>\n\n\n\n<figure class=\"wp-block-image size-full\"><img loading=\"lazy\" decoding=\"async\" width=\"1024\" height=\"681\" src=\"https:\/\/skiholidaysdolomites.com\/wp-content\/uploads\/kanin-ski-child-x-.webp\" alt=\"Kanin Ski Kind x\" class=\"wp-image-3217\" srcset=\"https:\/\/skiholidaysdolomites.com\/wp-content\/uploads\/kanin-ski-child-x-.webp 1024w, https:\/\/skiholidaysdolomites.com\/wp-content\/uploads\/kanin-ski-child-x--600x399.webp 600w, https:\/\/skiholidaysdolomites.com\/wp-content\/uploads\/kanin-ski-child-x--300x200.webp 300w, https:\/\/skiholidaysdolomites.com\/wp-content\/uploads\/kanin-ski-child-x--768x511.webp 768w, https:\/\/skiholidaysdolomites.com\/wp-content\/uploads\/kanin-ski-child-x--18x12.webp 18w\" sizes=\"auto, (max-width: 1024px) 100vw, 1024px\" \/><figcaption class=\"wp-element-caption\">Erste Schw\u00fcnge auf den Skiern<\/figcaption><\/figure>\n\n\n\n<p>Mit der Zeit entwickelte sich aus meinen h\u00e4ufigen Besuchen in Italien eine tiefe Wertsch\u00e4tzung f\u00fcr die Skigebiete des Landes. Mir wurde klar, dass ich diese Erfahrungen mit anderen Skibegeisterten teilen wollte. Dies veranlasste mich zur Gr\u00fcndung von <strong>Skiurlaub Dolomiten<\/strong>mit dem Ziel, anderen zu helfen, die erstaunlichen Skim\u00f6glichkeiten zu entdecken, die diese Region zu bieten hat.<\/p>\n\n\n\n<h2 class=\"wp-block-heading\">Die Dolomiten haben eine reiche Skitradition<\/h2>\n\n\n\n<p>In Italien war Skifahren schon immer eine Leidenschaft von Sportbegeisterten wie uns, aber die Dolomiten heben sich von der Masse ab. Dieses atemberaubende Gebiet garantiert nicht nur bestes Skivergn\u00fcgen, sondern die Aussicht auf die Berge sorgt daf\u00fcr, dass man auch bei einem Getr\u00e4nk und einem kleinen Imbiss die Umgebung bewundern kann.<\/p>\n\n\n\n<p>Die Gastronomie, der Wein und die Kultur der Region sind eine zus\u00e4tzliche Attraktion f\u00fcr Besucher, die eine Mischung aus Ski- und Nicht-Skifahren erleben m\u00f6chten. Viele der Skiorte in den Dolomiten haben charmante, historische Zentren, die es wert sind, auf eigene Faust erkundet zu werden.&nbsp;<\/p>\n\n\n\n<p>Viele Skizentren in den Dolomiten sind bekannt f\u00fcr ihren luxuri\u00f6sen Service und ihr hochwertiges Angebot, das von den perfekt pr\u00e4parierten Pisten bis zu den besten Restaurants und Hotels reicht. <strong>Cortina d'Ampezzo<\/strong> wird als \"Perle der Dolomiten\" bezeichnet, aber Luxus ist nicht nur in Cortina zu Hause, in den Dolomiten finden Sie immer das Beste, was es gibt, auch wenn Sie am sp\u00e4ten Nachmittag nach einem sch\u00f6nen Tag auf der Piste einkaufen m\u00f6chten.<\/p>\n\n\n\n<figure class=\"wp-block-image size-large\"><img decoding=\"async\" src=\"https:\/\/skiholidaysdolomites.com\/wp-content\/uploads\/shutterstock-1-15-1024x683.webp\" alt=\"Cortina d&#039;Ampezzo bei Nacht.\" class=\"wp-image-240\"\/><figcaption class=\"wp-element-caption\">Cortina d'Ampezzo bei Nacht<\/figcaption><\/figure>\n\n\n\n<p>Aufgrund ihrer einzigartigen Lage im Herzen des Gebirges k\u00f6nnen die Skigebiete in den Dolomiten monatelang beste Schneeverh\u00e4ltnisse garantieren, selbst im April ist die Skisaison noch in vollem Gange. Wenn Sie an einen Skiurlaub in den Dolomiten denken, brauchen Sie sich keine Sorgen um den Schnee zu machen, den gibt es in H\u00fclle und F\u00fclle.&nbsp;<\/p>\n\n\n\n<p>Alle diese Faktoren zusammen machen die Dolomiten zu einem begehrten Ziel f\u00fcr Ski- und Snowboardfans. Die Vielfalt der Skigebiete, die wundersch\u00f6ne Landschaft, die luxuri\u00f6sen Einrichtungen, die reiche Kultur und die Schneesicherheit machen die Dolomiten zu einem beliebten Ziel f\u00fcr Winterliebhaber aus der ganzen Welt.&nbsp;<\/p>\n\n\n\n<h2 class=\"wp-block-heading\">Ein Team lokaler Experten mit einer Vorliebe f\u00fcr den Skisport<\/h2>\n\n\n\n<p>Im Laufe der Jahre schloss ich mich mit Menschen zusammen, die dieselbe Leidenschaft f\u00fcr das Skifahren teilten wie ich. Das Warten auf den ersten Schnee war immer das Schwierigste und die Stunden auf frischen Pisten waren f\u00fcr uns die sch\u00f6nsten Tage des Jahres. Wir waren uns alle einig, dass wir die Sch\u00f6nheit dieses Sports anderen Menschen n\u00e4her bringen wollen.<\/p>\n\n\n\n<p>In den Dolomiten gibt es viele hervorragende Skigebiete, und die Wahl f\u00e4llt schwer, wenn man nicht wei\u00df, welche Vorteile sie haben und wie sie f\u00fcr einen selbst gelten. Als begeisterte Reisende erkennen wir den Wert, den <strong>Experten mit Ortskenntnis<\/strong> bringen.<\/p>\n\n\n\n<p>Das ist unsere Aufgabe in dieser Situation.<\/p>\n\n\n\n<figure class=\"wp-block-image size-large\"><img decoding=\"async\" src=\"https:\/\/skiholidaysdolomites.com\/wp-content\/uploads\/shutterstock-1-42-1024x767.webp\" alt=\"Sie erhalten alle Informationen, die Sie f\u00fcr Ihren Skiurlaub mit Ski Holidays Dolomites ben\u00f6tigen\" class=\"wp-image-284\"\/><figcaption class=\"wp-element-caption\">Sie erhalten alle Informationen, die Sie f\u00fcr einen perfekten Skiurlaub in den Dolomiten ben\u00f6tigen<\/figcaption><\/figure>\n\n\n\n<p>Auf der Grundlage unserer Kenntnisse und Erfahrungen haben wir einige der besten Skipakete in den Dolomiten bis ins kleinste Detail ausgearbeitet. Auf diese Weise k\u00f6nnen alle, die diesen sch\u00f6nen Teil Italiens besuchen, die gleiche Freude empfinden wie wir, wenn wir uns auf die verschneiten Pisten begeben, ohne dass wir uns um die Planung des Ganzen k\u00fcmmern m\u00fcssen.<\/p>\n\n\n\n<h2 class=\"wp-block-heading\">Erstaunliches Wintererlebnis in den atemberaubenden Dolomiten<\/h2>\n\n\n\n<p>Unser Ziel ist es nicht, unsere Marke um ihrer selbst willen zu vergr\u00f6\u00dfern, sondern unserer Berufung treu zu bleiben, Ihnen den bestm\u00f6glichen Service zu bieten, und zwar mit der gleichen Leidenschaft, die wir an unserem ersten Tag empfanden.<\/p>\n\n\n\n<p>Wir arbeiten eng mit lokalen Anbietern zusammen, so dass wir immer die bestm\u00f6glichen Preise f\u00fcr unsere Kunden ermitteln k\u00f6nnen.&nbsp;<\/p>\n\n\n\n<figure class=\"wp-block-image size-large\"><img decoding=\"async\" src=\"https:\/\/skiholidaysdolomites.com\/wp-content\/uploads\/shutterstock-1-53-1024x683.webp\" alt=\"Shutterstock\" class=\"wp-image-335\"\/><figcaption class=\"wp-element-caption\">Man kann nicht anders, als sich in die Dolomiten zu verlieben<\/figcaption><\/figure>\n\n\n\n<p>Die Kosten bleiben niedrig, denn wir betreiben <strong>ohne Mittelsm\u00e4nner<\/strong>und es gibt <strong>keine versteckten Geb\u00fchren<\/strong>. Wir garantieren, dass das Geld, das Sie ausgeben, ausschlie\u00dflich dazu verwendet wird, Ihnen das perfekte Erlebnis zu bieten. Dar\u00fcber hinaus sind wir ein finanziell abgesichertes Unternehmen, so dass Sie sich keine Sorgen um Ihr Geld machen m\u00fcssen, nachdem Sie eine Tour bei uns gebucht haben.<\/p>\n\n\n\n<p>Wir wollen nur sicherstellen, dass das Skifahren f\u00fcr Sie angenehm und stressfrei ist.<\/p>\n\n\n\n<p>Sie brauchen nur mit uns in den Skiurlaub zu fahren, und Sie werden einen besonderen Platz in Ihrem Herzen f\u00fcr die Dolomiten reserviert halten. Wenn Sie weitere Skigebiete in Italien erkunden m\u00f6chten, schauen Sie bei unseren Partnern unter <a href=\"https:\/\/skiholidaysitaly.com\/\">Skiurlaub Italien.<\/a> <\/p>\n\n\n\n<p>Die Dolomiten sind ein Winterwunderland f\u00fcr Skibegeisterte, aber auch in den w\u00e4rmeren Monaten bieten sie atemberaubende Erlebnisse. <\/p>\n\n\n\n<p>Wenn Sie Ihren Urlaub in den Dolomiten beendet haben, k\u00f6nnen Sie einige unserer vertrauensw\u00fcrdigen Partner kennenlernen unter <a href=\"https:\/\/europeskiholidays.com\/\">Skiurlaub Europa<\/a> und finden Sie etwas f\u00fcr sich selbst f\u00fcr das n\u00e4chste Mal.<\/p>\n\n\n\n<p><\/p>\n<a href=\"https:\/\/www.wellaccepted.com\/\">&#8230;<\/a>","protected":false},"excerpt":{"rendered":"<p>Die Beobachtung meiner Skihelden im Fernsehen motivierte mich, meine F\u00e4higkeiten zu verbessern und neue Herausforderungen als Skifahrer anzunehmen, was bald dazu f\u00fchrte, dass ich im Winter jeden m\u00f6glichen Moment damit verbrachte, die verschneiten Pisten hinunterzurasen. In diesen Jahren besuchte ich auch viele ausl\u00e4ndische Skigebiete, und auf diesen Reisen lernte ich zum ersten Mal ... <a href=\"https:\/\/skiholidaysdolomites.com\/de\/about-us\/\">Fortsetzung<\/a><\/p>","protected":false},"author":38,"featured_media":337,"parent":0,"menu_order":0,"comment_status":"open","ping_status":"open","template":"","meta":{"_acf_changed":false,"footnotes":""},"class_list":["post-39","page","type-page","status-publish","has-post-thumbnail","hentry"],"acf":{"page_subheading":"Discover the Dolomites: where alpine warmth meets Italian flair. Ski, dine, revel in luxury, and experience unmatched beauty with Ski Holidays Dolomites."},"_links":{"self":[{"href":"https:\/\/skiholidaysdolomites.com\/de\/wp-json\/wp\/v2\/pages\/39","targetHints":{"allow":["GET"]}}],"collection":[{"href":"https:\/\/skiholidaysdolomites.com\/de\/wp-json\/wp\/v2\/pages"}],"about":[{"href":"https:\/\/skiholidaysdolomites.com\/de\/wp-json\/wp\/v2\/types\/page"}],"author":[{"embeddable":true,"href":"https:\/\/skiholidaysdolomites.com\/de\/wp-json\/wp\/v2\/users\/38"}],"replies":[{"embeddable":true,"href":"https:\/\/skiholidaysdolomites.com\/de\/wp-json\/wp\/v2\/comments?post=39"}],"version-history":[{"count":17,"href":"https:\/\/skiholidaysdolomites.com\/de\/wp-json\/wp\/v2\/pages\/39\/revisions"}],"predecessor-version":[{"id":4205,"href":"https:\/\/skiholidaysdolomites.com\/de\/wp-json\/wp\/v2\/pages\/39\/revisions\/4205"}],"wp:featuredmedia":[{"embeddable":true,"href":"https:\/\/skiholidaysdolomites.com\/de\/wp-json\/wp\/v2\/media\/337"}],"wp:attachment":[{"href":"https:\/\/skiholidaysdolomites.com\/de\/wp-json\/wp\/v2\/media?parent=39"}],"curies":[{"name":"wp","href":"https:\/\/api.w.org\/{rel}","templated":true}]}}