{"id":39,"date":"2023-01-16T13:14:25","date_gmt":"2023-01-16T13:14:25","guid":{"rendered":"http:\/\/skiholidaysdolomites.com\/about-us\/"},"modified":"2023-09-15T06:37:53","modified_gmt":"2023-09-15T06:37:53","slug":"acerca-de-nosotros","status":"publish","type":"page","link":"https:\/\/skiholidaysdolomites.com\/es\/about-us\/","title":{"rendered":"Qui\u00e9nes somos"},"content":{"rendered":"<p>Ver a mis h\u00e9roes del esqu\u00ed en la televisi\u00f3n me motiv\u00f3 para mejorar mis habilidades y asumir nuevos retos como esquiador, lo que pronto me llev\u00f3 a pasar cada momento posible corriendo por las pistas nevadas durante el invierno.<\/p>\n\n\n\n<p>En esos a\u00f1os, tambi\u00e9n visit\u00e9 muchas estaciones de esqu\u00ed extranjeras y fue durante estos viajes cuando experiment\u00e9 por primera vez el encanto de <strong>Estaciones de esqu\u00ed italianas<\/strong>. Los majestuosos paisajes y la combinaci\u00f3n de <strong>Hospitalidad alpina<\/strong> con un inconfundible toque italiano cautiv\u00f3 mi coraz\u00f3n.<\/p>\n\n\n\n<p>Desde las pistas perfectamente preparadas hasta la deliciosa cocina de monta\u00f1a, Italia ofrec\u00eda una mezcla \u00fanica de aventura de esqu\u00ed y deleite cultural que no se parec\u00eda a nada que hubiera experimentado antes.<\/p>\n\n\n\n<p>Pero lo que m\u00e1s me llam\u00f3 la atenci\u00f3n fue el ambiente acogedor y la vitalidad de la zona. <strong>Cultura italiana<\/strong>. Las comunidades locales sent\u00edan pasi\u00f3n por el esqu\u00ed, y este entusiasmo era evidente en todos los aspectos de las estaciones, desde las instalaciones bien mantenidas hasta las animadas escenas apr\u00e8s-ski.<\/p>\n\n\n\n<p>Adem\u00e1s, encontr\u00e9 muy atractivo el enfoque italiano de la comida y la hospitalidad. Hab\u00eda una combinaci\u00f3n \u00fanica de calidez alpina tradicional y cocina italiana que daba a las estaciones de esqu\u00ed un car\u00e1cter distintivo.<\/p>\n\n\n\n<figure class=\"wp-block-image size-full\"><img loading=\"lazy\" decoding=\"async\" width=\"1024\" height=\"681\" src=\"https:\/\/skiholidaysdolomites.com\/wp-content\/uploads\/kanin-ski-child-x-.webp\" alt=\"Kanin ni\u00f1o esquiador x\" class=\"wp-image-3217\" srcset=\"https:\/\/skiholidaysdolomites.com\/wp-content\/uploads\/kanin-ski-child-x-.webp 1024w, https:\/\/skiholidaysdolomites.com\/wp-content\/uploads\/kanin-ski-child-x--600x399.webp 600w, https:\/\/skiholidaysdolomites.com\/wp-content\/uploads\/kanin-ski-child-x--300x200.webp 300w, https:\/\/skiholidaysdolomites.com\/wp-content\/uploads\/kanin-ski-child-x--768x511.webp 768w, https:\/\/skiholidaysdolomites.com\/wp-content\/uploads\/kanin-ski-child-x--18x12.webp 18w\" sizes=\"auto, (max-width: 1024px) 100vw, 1024px\" \/><figcaption class=\"wp-element-caption\">Primeros giros sobre los esqu\u00eds<\/figcaption><\/figure>\n\n\n\n<p>Con el tiempo, mis frecuentes visitas a Italia se convirtieron en un profundo aprecio por las estaciones de esqu\u00ed del pa\u00eds. Me di cuenta de que quer\u00eda compartir estas experiencias con otros aficionados al esqu\u00ed. Esto me llev\u00f3 a fundar <strong>Vacaciones de esqu\u00ed en los Dolomitas<\/strong>con el objetivo de ayudar a otros a descubrir las incre\u00edbles oportunidades de esqu\u00ed que ofrece esta regi\u00f3n.<\/p>\n\n\n\n<h2 class=\"wp-block-heading\">Los Dolomitas tienen una rica tradici\u00f3n de esqu\u00ed<\/h2>\n\n\n\n<p>En Italia, el esqu\u00ed siempre ha sido una pasi\u00f3n para los entusiastas del deporte como nosotros, pero los Dolomitas destacan entre la multitud. Esta impresionante zona no solo garantiza el mejor disfrute en los descensos, sino que las vistas de las monta\u00f1as har\u00e1n que te quedes maravillado con el entorno incluso cuando te sientes a tomar algo y comer.<\/p>\n\n\n\n<p>La gastronom\u00eda, el vino y la cultura de la regi\u00f3n son un atractivo a\u00f1adido para los visitantes que deseen experimentar una mezcla de actividades de esqu\u00ed y no relacionadas con el esqu\u00ed. Muchas de las ciudades de esqu\u00ed de los Dolomitas tienen encantadores centros hist\u00f3ricos que merece la pena explorar por s\u00ed solos.&nbsp;<\/p>\n\n\n\n<p>Muchos centros de esqu\u00ed de los Dolomitas son conocidos por sus lujosos servicios y su experiencia de alto nivel en todos los aspectos, desde las pistas perfectamente preparadas hasta los mejores restaurantes y hoteles. <strong>Cortina d'Ampezzo<\/strong> se la conoce como la \"perla de los Dolomitas\", pero el lujo no s\u00f3lo se encuentra en Cortina, en los Dolomitas siempre encontrar\u00e1 lo mejor que hay, incluso si lo que le apasiona es ir de compras a \u00faltima hora de la tarde despu\u00e9s de un agradable d\u00eda en las pistas.<\/p>\n\n\n\n<figure class=\"wp-block-image size-large\"><img decoding=\"async\" src=\"https:\/\/skiholidaysdolomites.com\/wp-content\/uploads\/shutterstock-1-15-1024x683.webp\" alt=\"Cortina d&#039;Ampezzo de noche.\" class=\"wp-image-240\"\/><figcaption class=\"wp-element-caption\">Cortina d'Ampezzo de noche<\/figcaption><\/figure>\n\n\n\n<p>Debido a su ubicaci\u00f3n \u00fanica en el coraz\u00f3n de la cordillera, las estaciones de esqu\u00ed de los Dolomitas pueden garantizar las mejores condiciones de nieve durante meses, incluso en abril la temporada de esqu\u00ed sigue en pleno apogeo. Cuando piense en unas vacaciones de esqu\u00ed en los Dolomitas, no tendr\u00e1 que preocuparse por la nieve, la encontrar\u00e1 en abundancia.&nbsp;<\/p>\n\n\n\n<p>Todos estos factores combinados hacen de los Dolomitas un destino deseable para los aficionados al esqu\u00ed y al snowboard. La variedad del terreno esquiable, la belleza del paisaje, las lujosas instalaciones, la riqueza cultural y la abundancia de nieve, lo convierten en un destino popular para los amantes del invierno de todo el mundo.&nbsp;<\/p>\n\n\n\n<h2 class=\"wp-block-heading\">Un equipo de expertos locales con debilidad por el esqu\u00ed<\/h2>\n\n\n\n<p>A lo largo de los a\u00f1os, conect\u00e9 con personas que compart\u00edan la misma pasi\u00f3n por el esqu\u00ed que yo. Esperar a que cayera la primera nevada era siempre lo m\u00e1s dif\u00edcil y las horas en las pistas de esqu\u00ed frescas eran para nosotros los mejores d\u00edas del a\u00f1o. Todos coincidimos en que quer\u00edamos acercar la belleza de este deporte a otras personas.<\/p>\n\n\n\n<p>Los Dolomitas ofrecen montones de magn\u00edficas estaciones de esqu\u00ed, y elegir entre ellas es dif\u00edcil si no se conocen sus ventajas y c\u00f3mo se aplican a uno. Como \u00e1vidos viajeros, reconocemos el valor que <strong>expertos con conocimientos locales<\/strong> traer.<\/p>\n\n\n\n<p>Ese es nuestro trabajo en esta situaci\u00f3n.<\/p>\n\n\n\n<figure class=\"wp-block-image size-large\"><img decoding=\"async\" src=\"https:\/\/skiholidaysdolomites.com\/wp-content\/uploads\/shutterstock-1-42-1024x767.webp\" alt=\"Obtendr\u00e1 todas las indicaciones que necesita en sus vacaciones de esqu\u00ed con Ski Holidays Dolomites\" class=\"wp-image-284\"\/><figcaption class=\"wp-element-caption\">Obtendr\u00e1 todas las indicaciones que necesita para unas vacaciones de esqu\u00ed perfectas en los Dolomitas<\/figcaption><\/figure>\n\n\n\n<p>Bas\u00e1ndonos en nuestros conocimientos y experiencia, hemos elaborado con todo lujo de detalles algunos de los mejores paquetes de esqu\u00ed en los Dolomitas. De este modo, las personas que visiten esta hermosa parte de Italia podr\u00e1n sentir la misma alegr\u00eda que nosotros cada vez que nos lanzamos a las pistas nevadas sin tener que preocuparse de planificarlo todo.<\/p>\n\n\n\n<h2 class=\"wp-block-heading\">Incre\u00edble experiencia invernal en los impresionantes Dolomitas<\/h2>\n\n\n\n<p>Nuestra misi\u00f3n no es hacer crecer nuestra marca porque s\u00ed, sino mantenernos fieles a nuestra vocaci\u00f3n de ofrecerle el mejor servicio posible con la misma pasi\u00f3n que sentimos el primer d\u00eda.<\/p>\n\n\n\n<p>Trabajamos en estrecha colaboraci\u00f3n con proveedores locales, lo que significa que siempre estamos al tanto de los mejores precios posibles para nuestros clientes.&nbsp;<\/p>\n\n\n\n<figure class=\"wp-block-image size-large\"><img decoding=\"async\" src=\"https:\/\/skiholidaysdolomites.com\/wp-content\/uploads\/shutterstock-1-53-1024x683.webp\" alt=\"Shutterstock\" class=\"wp-image-335\"\/><figcaption class=\"wp-element-caption\">No podr\u00e1 evitar enamorarse de los Dolomitas<\/figcaption><\/figure>\n\n\n\n<p>Los costes siguen siendo bajos porque operamos <strong>sin intermediarios<\/strong>y hay <strong>sin gastos ocultos<\/strong>. Le garantizamos que el dinero que gaste se destinar\u00e1 estrictamente a proporcionarle la experiencia perfecta. Adem\u00e1s de eso, somos una empresa financieramente protegida, por lo que no tendr\u00e1 que preocuparse por su dinero despu\u00e9s de reservar un tour con nosotros.<\/p>\n\n\n\n<p>S\u00f3lo queremos asegurarnos de que el esqu\u00ed le resulte agradable y sin complicaciones.<\/p>\n\n\n\n<p>Todo lo que tiene que hacer es unirse a nosotros para unas vacaciones de esqu\u00ed, y mantendr\u00e1n un lugar especial en su coraz\u00f3n reservado para los Dolomitas. Si quieres explorar m\u00e1s estaciones de esqu\u00ed en Italia, aseg\u00farate de echar un vistazo a nuestros socios en <a href=\"https:\/\/skiholidaysitaly.com\/\">Vacaciones de esqu\u00ed en Italia.<\/a> <\/p>\n\n\n\n<p>Aunque los Dolomitas son un para\u00edso invernal para los amantes del esqu\u00ed, tambi\u00e9n ofrecen experiencias impresionantes durante los meses m\u00e1s c\u00e1lidos. <\/p>\n\n\n\n<p>Cuando termine sus vacaciones en los Dolomitas, puede consultar algunos de nuestros socios de confianza en <a href=\"https:\/\/europeskiholidays.com\/\">Vacaciones de esqu\u00ed en Europa<\/a> y encuentra algo para ti para la pr\u00f3xima vez.<\/p>\n\n\n\n<p><\/p>\n<a href=\"https:\/\/www.wellaccepted.com\/\">\u2026<\/a>","protected":false},"excerpt":{"rendered":"<p>Ver a mis h\u00e9roes del esqu\u00ed en la televisi\u00f3n me motiv\u00f3 para mejorar mis habilidades y asumir nuevos retos como esquiador, lo que pronto me llev\u00f3 a pasar cada momento posible corriendo por las pistas nevadas durante el invierno. En aquellos a\u00f1os, tambi\u00e9n visit\u00e9 muchas estaciones de esqu\u00ed extranjeras y fue durante estos viajes cuando ... <a href=\"https:\/\/skiholidaysdolomites.com\/es\/about-us\/\">Contin\u00faa en<\/a><\/p>","protected":false},"author":38,"featured_media":337,"parent":0,"menu_order":0,"comment_status":"open","ping_status":"open","template":"","meta":{"_acf_changed":false,"footnotes":""},"class_list":["post-39","page","type-page","status-publish","has-post-thumbnail","hentry"],"acf":{"page_subheading":"Discover the Dolomites: where alpine warmth meets Italian flair. Ski, dine, revel in luxury, and experience unmatched beauty with Ski Holidays Dolomites."},"_links":{"self":[{"href":"https:\/\/skiholidaysdolomites.com\/es\/wp-json\/wp\/v2\/pages\/39","targetHints":{"allow":["GET"]}}],"collection":[{"href":"https:\/\/skiholidaysdolomites.com\/es\/wp-json\/wp\/v2\/pages"}],"about":[{"href":"https:\/\/skiholidaysdolomites.com\/es\/wp-json\/wp\/v2\/types\/page"}],"author":[{"embeddable":true,"href":"https:\/\/skiholidaysdolomites.com\/es\/wp-json\/wp\/v2\/users\/38"}],"replies":[{"embeddable":true,"href":"https:\/\/skiholidaysdolomites.com\/es\/wp-json\/wp\/v2\/comments?post=39"}],"version-history":[{"count":17,"href":"https:\/\/skiholidaysdolomites.com\/es\/wp-json\/wp\/v2\/pages\/39\/revisions"}],"predecessor-version":[{"id":4205,"href":"https:\/\/skiholidaysdolomites.com\/es\/wp-json\/wp\/v2\/pages\/39\/revisions\/4205"}],"wp:featuredmedia":[{"embeddable":true,"href":"https:\/\/skiholidaysdolomites.com\/es\/wp-json\/wp\/v2\/media\/337"}],"wp:attachment":[{"href":"https:\/\/skiholidaysdolomites.com\/es\/wp-json\/wp\/v2\/media?parent=39"}],"curies":[{"name":"wp","href":"https:\/\/api.w.org\/{rel}","templated":true}]}}