{"id":39,"date":"2023-01-16T13:14:25","date_gmt":"2023-01-16T13:14:25","guid":{"rendered":"http:\/\/skiholidaysdolomites.com\/about-us\/"},"modified":"2023-09-15T06:37:53","modified_gmt":"2023-09-15T06:37:53","slug":"a-propos-de-nous","status":"publish","type":"page","link":"https:\/\/skiholidaysdolomites.com\/fr\/about-us\/","title":{"rendered":"A propos de nous"},"content":{"rendered":"<p>Regarder mes h\u00e9ros skieurs \u00e0 la t\u00e9l\u00e9vision m'a motiv\u00e9 \u00e0 am\u00e9liorer mes comp\u00e9tences et \u00e0 relever de nouveaux d\u00e9fis en tant que skieur, ce qui m'a amen\u00e9 \u00e0 passer chaque instant possible \u00e0 d\u00e9valer les pistes enneig\u00e9es pendant l'hiver.<\/p>\n\n\n\n<p>Au cours de ces ann\u00e9es, j'ai \u00e9galement visit\u00e9 de nombreuses stations de ski \u00e0 l'\u00e9tranger et c'est au cours de ces voyages que j'ai d\u00e9couvert le charme du ski de fond. <strong>Stations de ski en Italie<\/strong>. Les paysages majestueux et la combinaison des traditions <strong>L'hospitalit\u00e9 alpine<\/strong> avec une touche italienne distinctive a conquis mon c\u0153ur.<\/p>\n\n\n\n<p>Des pistes parfaitement entretenues \u00e0 la d\u00e9licieuse cuisine de montagne, l'Italie offre un m\u00e9lange unique d'aventures de ski et de plaisirs culturels qui ne ressemble \u00e0 rien de ce que j'avais connu auparavant.<\/p>\n\n\n\n<p>Mais ce qui m'a le plus marqu\u00e9, c'est l'atmosph\u00e8re accueillante et le dynamisme de la ville. <strong>Culture italienne<\/strong>. Les communaut\u00e9s locales sont passionn\u00e9es par le ski et cet enthousiasme se manifeste dans tous les aspects des stations, depuis les installations bien entretenues jusqu'aux sc\u00e8nes anim\u00e9es de l'apr\u00e8s-ski.<\/p>\n\n\n\n<p>En outre, j'ai trouv\u00e9 l'approche italienne de la nourriture et de l'hospitalit\u00e9 tr\u00e8s attrayante. Il y avait une combinaison unique de chaleur alpine traditionnelle et de cuisine italienne qui donnait aux stations de ski un caract\u00e8re distinctif.<\/p>\n\n\n\n<figure class=\"wp-block-image size-full\"><img loading=\"lazy\" decoding=\"async\" width=\"1024\" height=\"681\" src=\"https:\/\/skiholidaysdolomites.com\/wp-content\/uploads\/kanin-ski-child-x-.webp\" alt=\"Kanin ski child x\" class=\"wp-image-3217\" srcset=\"https:\/\/skiholidaysdolomites.com\/wp-content\/uploads\/kanin-ski-child-x-.webp 1024w, https:\/\/skiholidaysdolomites.com\/wp-content\/uploads\/kanin-ski-child-x--600x399.webp 600w, https:\/\/skiholidaysdolomites.com\/wp-content\/uploads\/kanin-ski-child-x--300x200.webp 300w, https:\/\/skiholidaysdolomites.com\/wp-content\/uploads\/kanin-ski-child-x--768x511.webp 768w, https:\/\/skiholidaysdolomites.com\/wp-content\/uploads\/kanin-ski-child-x--18x12.webp 18w\" sizes=\"auto, (max-width: 1024px) 100vw, 1024px\" \/><figcaption class=\"wp-element-caption\">Premiers virages sur les skis<\/figcaption><\/figure>\n\n\n\n<p>Au fil du temps, mes fr\u00e9quentes visites en Italie se sont transform\u00e9es en une profonde appr\u00e9ciation des stations de ski du pays. Je me suis rendu compte que je voulais partager ces exp\u00e9riences avec d'autres passionn\u00e9s de ski. C'est ainsi que j'ai cr\u00e9\u00e9 <strong>Vacances de ski dans les Dolomites<\/strong>L'objectif est d'aider les autres \u00e0 d\u00e9couvrir les incroyables possibilit\u00e9s de ski que cette r\u00e9gion a \u00e0 offrir.<\/p>\n\n\n\n<h2 class=\"wp-block-heading\">Les Dolomites ont une riche tradition de ski<\/h2>\n\n\n\n<p>En Italie, le ski a toujours \u00e9t\u00e9 une passion pour les sportifs que nous sommes, mais les Dolomites sortent du lot. Cette r\u00e9gion \u00e0 couper le souffle garantit non seulement le meilleur plaisir dans les descentes, mais les vues sur les montagnes vous permettront \u00e9galement d'\u00eatre \u00e9merveill\u00e9 par les environs, m\u00eame lorsque vous vous asseyez pour boire un verre et manger un morceau.<\/p>\n\n\n\n<p>La gastronomie, le vin et la culture de la r\u00e9gion constituent un attrait suppl\u00e9mentaire pour les visiteurs qui souhaitent faire l'exp\u00e9rience d'un m\u00e9lange d'activit\u00e9s de ski et d'activit\u00e9s non li\u00e9es au ski. De nombreuses villes de ski des Dolomites poss\u00e8dent des centres historiques charmants qui valent la peine d'\u00eatre explor\u00e9s.&nbsp;<\/p>\n\n\n\n<p>De nombreux centres de ski dans les Dolomites sont r\u00e9put\u00e9s pour leurs services luxueux et leur exp\u00e9rience haut de gamme, des pistes de ski parfaitement pr\u00e9par\u00e9es aux meilleurs restaurants et h\u00f4tels. <strong>Cortina d'Ampezzo<\/strong> est surnomm\u00e9e la \"perle des Dolomites\", mais le luxe n'est pas l'apanage de Cortina. Dans les Dolomites, vous trouverez toujours ce qu'il y a de mieux, m\u00eame si votre passion est de faire du shopping en fin d'apr\u00e8s-midi, apr\u00e8s une belle journ\u00e9e sur les pistes.<\/p>\n\n\n\n<figure class=\"wp-block-image size-large\"><img decoding=\"async\" src=\"https:\/\/skiholidaysdolomites.com\/wp-content\/uploads\/shutterstock-1-15-1024x683.webp\" alt=\"Cortina d&#039;Ampezzo la nuit.\" class=\"wp-image-240\"\/><figcaption class=\"wp-element-caption\">Cortina d'Ampezzo la nuit<\/figcaption><\/figure>\n\n\n\n<p>Gr\u00e2ce \u00e0 leur situation unique au c\u0153ur de la cha\u00eene de montagnes, les stations de ski des Dolomites peuvent garantir les meilleures conditions d'enneigement pendant des mois, m\u00eame en avril, la saison de ski bat son plein. Lorsque vous pensez aux vacances de ski dans les Dolomites, vous n'avez pas \u00e0 vous soucier de la neige, elle sera abondante.&nbsp;<\/p>\n\n\n\n<p>Tous ces facteurs combin\u00e9s font des Dolomites une destination de choix pour les amateurs de ski et de snowboard. La vari\u00e9t\u00e9 des terrains de ski, la beaut\u00e9 des paysages, les installations luxueuses, la richesse de la culture et l'abondance de la neige en font une destination populaire pour les amateurs d'hiver du monde entier.&nbsp;<\/p>\n\n\n\n<h2 class=\"wp-block-heading\">Une \u00e9quipe d'experts locaux avec un faible pour le ski<\/h2>\n\n\n\n<p>Au fil des ans, j'ai rencontr\u00e9 des gens qui partageaient la m\u00eame passion pour le ski que moi. L'attente de la premi\u00e8re neige \u00e9tait toujours la partie la plus difficile et les heures pass\u00e9es sur des pistes de ski fra\u00eeches \u00e9taient pour nous les meilleurs jours de l'ann\u00e9e. Nous \u00e9tions tous d'accord pour dire que nous voulions faire d\u00e9couvrir la beaut\u00e9 de ce sport \u00e0 d'autres personnes.<\/p>\n\n\n\n<p>Les Dolomites offrent un grand nombre de superbes stations de ski, et il est difficile de choisir parmi elles si l'on ne conna\u00eet pas leurs avantages et la mani\u00e8re dont elles s'appliquent \u00e0 nous. En tant que voyageurs passionn\u00e9s, nous sommes conscients de la valeur que repr\u00e9sente le fait d'avoir une station de ski dans les Dolomites. <strong>des experts ayant des connaissances locales<\/strong> apporter.<\/p>\n\n\n\n<p>C'est notre t\u00e2che dans cette situation.<\/p>\n\n\n\n<figure class=\"wp-block-image size-large\"><img decoding=\"async\" src=\"https:\/\/skiholidaysdolomites.com\/wp-content\/uploads\/shutterstock-1-42-1024x767.webp\" alt=\"Vous obtiendrez toutes les indications dont vous avez besoin pour des vacances au ski avec Ski Holidays Dolomites.\" class=\"wp-image-284\"\/><figcaption class=\"wp-element-caption\">Vous obtiendrez toutes les indications n\u00e9cessaires pour des vacances de ski parfaites dans les Dolomites.<\/figcaption><\/figure>\n\n\n\n<p>Sur la base de nos connaissances et de notre exp\u00e9rience, nous avons \u00e9labor\u00e9 quelques-uns des meilleurs forfaits de ski dans les Dolomites dans les moindres d\u00e9tails. Ainsi, les personnes qui visitent cette magnifique r\u00e9gion d'Italie pourront ressentir la m\u00eame joie que nous \u00e0 chaque fois que nous descendons les pistes enneig\u00e9es, sans avoir \u00e0 se soucier de l'organisation de l'ensemble.<\/p>\n\n\n\n<h2 class=\"wp-block-heading\">Une exp\u00e9rience hivernale \u00e9tonnante dans les superbes Dolomites<\/h2>\n\n\n\n<p>Notre mission n'est pas seulement de d\u00e9velopper notre marque pour le plaisir, mais de rester fid\u00e8les \u00e0 notre vocation, qui est de vous fournir le meilleur service possible, avec la m\u00eame passion que celle que nous avons ressentie le premier jour.<\/p>\n\n\n\n<p>Nous travaillons en \u00e9troite collaboration avec des fournisseurs locaux, ce qui nous permet de toujours obtenir les meilleurs prix possibles pour nos clients.&nbsp;<\/p>\n\n\n\n<figure class=\"wp-block-image size-large\"><img decoding=\"async\" src=\"https:\/\/skiholidaysdolomites.com\/wp-content\/uploads\/shutterstock-1-53-1024x683.webp\" alt=\"Shutterstock\" class=\"wp-image-335\"\/><figcaption class=\"wp-element-caption\">Vous ne pouvez pas ne pas tomber amoureux des Dolomites.<\/figcaption><\/figure>\n\n\n\n<p>Les co\u00fbts restent faibles parce que nous op\u00e9rons <strong>sans interm\u00e9diaire<\/strong>et il y a <strong>pas de frais cach\u00e9s<\/strong>. Nous vous garantissons que l'argent que vous d\u00e9pensez ne sert qu'\u00e0 vous offrir une exp\u00e9rience parfaite. De plus, nous sommes une entreprise financi\u00e8rement prot\u00e9g\u00e9e, vous n'aurez donc pas \u00e0 vous soucier de votre argent une fois que vous aurez r\u00e9serv\u00e9 un voyage avec nous.<\/p>\n\n\n\n<p>Nous voulons seulement faire en sorte que le ski soit agr\u00e9able et sans probl\u00e8me pour vous.<\/p>\n\n\n\n<p>Il vous suffit de nous rejoindre pour des vacances au ski, et vous garderez dans votre c\u0153ur une place sp\u00e9ciale r\u00e9serv\u00e9e aux Dolomites. Si vous souhaitez d\u00e9couvrir d'autres stations de ski en Italie, n'h\u00e9sitez pas \u00e0 consulter nos partenaires \u00e0 l'adresse suivante <a href=\"https:\/\/skiholidaysitaly.com\/\">Vacances au ski en Italie.<\/a> <\/p>\n\n\n\n<p>Si les Dolomites sont un paradis hivernal pour les amateurs de ski, elles offrent \u00e9galement des exp\u00e9riences \u00e0 couper le souffle pendant les mois les plus chauds. <\/p>\n\n\n\n<p>Lorsque vous aurez termin\u00e9 vos vacances dans les Dolomites, vous pourrez consulter certains de nos partenaires de confiance \u00e0 l'adresse suivante <a href=\"https:\/\/europeskiholidays.com\/\">Vacances au ski en Europe<\/a> et trouver quelque chose pour vous pour la prochaine fois.<\/p>\n\n\n\n<p><\/p>\n<a href=\"https:\/\/www.wellaccepted.com\/\">&#8230;<\/a>","protected":false},"excerpt":{"rendered":"<p>Regarder mes h\u00e9ros skieurs \u00e0 la t\u00e9l\u00e9vision m'a motiv\u00e9 \u00e0 am\u00e9liorer mes comp\u00e9tences et \u00e0 relever de nouveaux d\u00e9fis en tant que skieur, ce qui m'a amen\u00e9 \u00e0 passer chaque instant possible \u00e0 d\u00e9valer les pistes enneig\u00e9es pendant l'hiver. Au cours de ces ann\u00e9es, j'ai \u00e9galement visit\u00e9 de nombreuses stations de ski \u00e0 l'\u00e9tranger et c'est au cours de ces voyages que j'ai ... <a href=\"https:\/\/skiholidaysdolomites.com\/fr\/about-us\/\">Suite<\/a><\/p>","protected":false},"author":38,"featured_media":337,"parent":0,"menu_order":0,"comment_status":"open","ping_status":"open","template":"","meta":{"_acf_changed":false,"footnotes":""},"class_list":["post-39","page","type-page","status-publish","has-post-thumbnail","hentry"],"acf":{"page_subheading":"Discover the Dolomites: where alpine warmth meets Italian flair. Ski, dine, revel in luxury, and experience unmatched beauty with Ski Holidays Dolomites."},"_links":{"self":[{"href":"https:\/\/skiholidaysdolomites.com\/fr\/wp-json\/wp\/v2\/pages\/39","targetHints":{"allow":["GET"]}}],"collection":[{"href":"https:\/\/skiholidaysdolomites.com\/fr\/wp-json\/wp\/v2\/pages"}],"about":[{"href":"https:\/\/skiholidaysdolomites.com\/fr\/wp-json\/wp\/v2\/types\/page"}],"author":[{"embeddable":true,"href":"https:\/\/skiholidaysdolomites.com\/fr\/wp-json\/wp\/v2\/users\/38"}],"replies":[{"embeddable":true,"href":"https:\/\/skiholidaysdolomites.com\/fr\/wp-json\/wp\/v2\/comments?post=39"}],"version-history":[{"count":17,"href":"https:\/\/skiholidaysdolomites.com\/fr\/wp-json\/wp\/v2\/pages\/39\/revisions"}],"predecessor-version":[{"id":4205,"href":"https:\/\/skiholidaysdolomites.com\/fr\/wp-json\/wp\/v2\/pages\/39\/revisions\/4205"}],"wp:featuredmedia":[{"embeddable":true,"href":"https:\/\/skiholidaysdolomites.com\/fr\/wp-json\/wp\/v2\/media\/337"}],"wp:attachment":[{"href":"https:\/\/skiholidaysdolomites.com\/fr\/wp-json\/wp\/v2\/media?parent=39"}],"curies":[{"name":"wp","href":"https:\/\/api.w.org\/{rel}","templated":true}]}}