{"id":39,"date":"2023-01-16T13:14:25","date_gmt":"2023-01-16T13:14:25","guid":{"rendered":"http:\/\/skiholidaysdolomites.com\/about-us\/"},"modified":"2023-09-15T06:37:53","modified_gmt":"2023-09-15T06:37:53","slug":"om-oss","status":"publish","type":"page","link":"https:\/\/skiholidaysdolomites.com\/nb\/about-us\/","title":{"rendered":"Om oss"},"content":{"rendered":"<p>\u00c5 se skiheltene mine p\u00e5 TV motiverte meg til \u00e5 forbedre ferdighetene mine og ta p\u00e5 meg nye utfordringer som skil\u00f8per, noe som snart resulterte i at jeg tilbrakte hvert eneste \u00f8yeblikk med \u00e5 l\u00f8pe nedover de sn\u00f8dekte l\u00f8ypene om vinteren.<\/p>\n\n\n\n<p>I l\u00f8pet av disse \u00e5rene bes\u00f8kte jeg ogs\u00e5 mange utenlandske skisteder, og det var p\u00e5 disse reisene at jeg for f\u00f8rste gang opplevde sjarmen til <strong>Italias skisteder<\/strong>. De majestetiske landskapene og kombinasjonen av tradisjonelle <strong>Gjestfrihet i Alpene<\/strong> med en s\u00e6regen italiensk stil fanget mitt hjerte.<\/p>\n\n\n\n<p>Fra de perfekt preparerte bakkene til det deilige fjellkj\u00f8kkenet - Italia b\u00f8d p\u00e5 en unik blanding av skieventyr og kulturelle opplevelser som jeg aldri hadde opplevd f\u00f8r.<\/p>\n\n\n\n<p>Men det som virkelig skilte seg ut for meg, var den innbydende atmosf\u00e6ren og den livlige atmosf\u00e6ren. <strong>Italiensk kultur<\/strong>. Lokalsamfunnene var lidenskapelig opptatt av skikj\u00f8ring, og denne entusiasmen var tydelig i alle aspekter av alpinanleggene, fra de velholdte anleggene til de livlige afterski-scenene.<\/p>\n\n\n\n<p>I tillegg syntes jeg den italienske tiln\u00e6rmingen til mat og gjestfrihet var veldig tiltalende. Det var en unik kombinasjon av tradisjonell alpevarme og italiensk mat som ga alpinanleggene en s\u00e6regen karakter.<\/p>\n\n\n\n<figure class=\"wp-block-image size-full\"><img loading=\"lazy\" decoding=\"async\" width=\"1024\" height=\"681\" src=\"https:\/\/skiholidaysdolomites.com\/wp-content\/uploads\/kanin-ski-child-x-.webp\" alt=\"Kanin ski barn x\" class=\"wp-image-3217\" srcset=\"https:\/\/skiholidaysdolomites.com\/wp-content\/uploads\/kanin-ski-child-x-.webp 1024w, https:\/\/skiholidaysdolomites.com\/wp-content\/uploads\/kanin-ski-child-x--600x399.webp 600w, https:\/\/skiholidaysdolomites.com\/wp-content\/uploads\/kanin-ski-child-x--300x200.webp 300w, https:\/\/skiholidaysdolomites.com\/wp-content\/uploads\/kanin-ski-child-x--768x511.webp 768w, https:\/\/skiholidaysdolomites.com\/wp-content\/uploads\/kanin-ski-child-x--18x12.webp 18w\" sizes=\"auto, (max-width: 1024px) 100vw, 1024px\" \/><figcaption class=\"wp-element-caption\">De f\u00f8rste svingene p\u00e5 ski<\/figcaption><\/figure>\n\n\n\n<p>Med tiden ble de hyppige bes\u00f8kene mine i Italia til en dyp forst\u00e5else for landets skisteder. Jeg inns\u00e5 at jeg \u00f8nsket \u00e5 dele disse opplevelsene med andre skientusiaster. Dette f\u00f8rte til at jeg etablerte <strong>Skiferie Dolomittene<\/strong>med m\u00e5l om \u00e5 hjelpe andre til \u00e5 oppdage de fantastiske skimulighetene som denne regionen har \u00e5 by p\u00e5.<\/p>\n\n\n\n<h2 class=\"wp-block-heading\">Dolomittene har en rik skitradisjon<\/h2>\n\n\n\n<p>I Italia har ski alltid v\u00e6rt en lidenskap for sportsentusiaster som oss, men Dolomittene skiller seg ut fra mengden. Dette fantastiske omr\u00e5det er ikke bare en garanti for at du vil f\u00e5 mest mulig glede av nedoverbakkene, men utsikten over fjellene s\u00f8rger ogs\u00e5 for at du vil beundre omgivelsene selv n\u00e5r du setter deg ned for \u00e5 ta en drink og en matbit.<\/p>\n\n\n\n<p>Regionens mat, vin og kultur er en ekstra attraksjon for bes\u00f8kende som \u00f8nsker \u00e5 oppleve en blanding av skikj\u00f8ring og andre aktiviteter. Mange av skistedene i Dolomittene har sjarmerende, historiske sentrum som er verdt \u00e5 utforske p\u00e5 egen h\u00e5nd.&nbsp;<\/p>\n\n\n\n<p>Mange skisentre i Dolomittene er kjent for sine luksuri\u00f8se tjenester og eksklusive opplevelser, fra perfekt preparerte skibakker til de beste restaurantene og hotellene. <strong>Cortina d'Ampezzo<\/strong> omtales som \"Dolomittenes perle\", men det er ikke bare i Cortina at luksusen er hjemme, i Dolomittene finner du alltid det beste som finnes, selv om du foretrekker \u00e5 shoppe sent p\u00e5 ettermiddagen etter en fin dag i bakken.<\/p>\n\n\n\n<figure class=\"wp-block-image size-large\"><img decoding=\"async\" src=\"https:\/\/skiholidaysdolomites.com\/wp-content\/uploads\/shutterstock-1-15-1024x683.webp\" alt=\"Cortina d&#039;Ampezzo om natten.\" class=\"wp-image-240\"\/><figcaption class=\"wp-element-caption\">Cortina d'Ampezzo om natten<\/figcaption><\/figure>\n\n\n\n<p>P\u00e5 grunn av sin unike beliggenhet i hjertet av fjellkjeden kan skistedene i Dolomittene garantere de beste sn\u00f8forholdene i m\u00e5nedsvis, og selv i april er skisesongen i full gang. N\u00e5r du tenker p\u00e5 skiferie i Dolomittene, trenger du ikke \u00e5 bekymre deg for sn\u00f8, for sn\u00f8 er det nok av.&nbsp;<\/p>\n\n\n\n<p>Alle disse faktorene til sammen gj\u00f8r Dolomittene til et ettertraktet reisem\u00e5l for ski- og snowboardentusiaster. Det mangfoldige skiterrenget, den vakre naturen, de luksuri\u00f8se fasilitetene, den rike kulturen og den store sn\u00f8mengden gj\u00f8r Dolomittene til et popul\u00e6rt reisem\u00e5l for vinterentusiaster fra hele verden.&nbsp;<\/p>\n\n\n\n<h2 class=\"wp-block-heading\">Et team av lokale eksperter med en forkj\u00e6rlighet for skikj\u00f8ring<\/h2>\n\n\n\n<p>I \u00e5renes l\u00f8p fikk jeg kontakt med mennesker som delte den samme lidenskapen for skikj\u00f8ring som meg. \u00c5 vente p\u00e5 at den f\u00f8rste sn\u00f8en skulle falle var alltid det vanskeligste, og timene i nysn\u00f8ede skibakker var \u00e5rets beste dager for oss. Vi var alle enige om at vi \u00f8nsket \u00e5 bringe skj\u00f8nnheten i denne sporten n\u00e6rmere andre mennesker.<\/p>\n\n\n\n<p>Dolomittene byr p\u00e5 mange flotte skisteder, og det er vanskelig \u00e5 velge blant dem hvis du ikke kjenner til fordelene og hvordan de passer for deg. Som ivrige reisende anerkjenner vi verdien som <strong>eksperter med lokalkunnskap<\/strong> ta med.<\/p>\n\n\n\n<p>Det er v\u00e5r jobb i denne situasjonen.<\/p>\n\n\n\n<figure class=\"wp-block-image size-large\"><img decoding=\"async\" src=\"https:\/\/skiholidaysdolomites.com\/wp-content\/uploads\/shutterstock-1-42-1024x767.webp\" alt=\"Du f\u00e5r alle instruksjonene du trenger p\u00e5 skiferie med Ski Holidays Dolomites.\" class=\"wp-image-284\"\/><figcaption class=\"wp-element-caption\">Her f\u00e5r du alle instruksjonene du trenger for en perfekt skiferie i Dolomittene.<\/figcaption><\/figure>\n\n\n\n<p>Basert p\u00e5 v\u00e5r kunnskap og erfaring har vi utarbeidet noen av de beste skipakkene i Dolomittene. P\u00e5 denne m\u00e5ten kan de som bes\u00f8ker denne vakre delen av Italia kjenne p\u00e5 den samme gleden som vi gj\u00f8r hver gang vi er ute i skibakkene, uten \u00e5 m\u00e5tte bekymre oss for planleggingen.<\/p>\n\n\n\n<h2 class=\"wp-block-heading\">Fantastisk vinteropplevelse i de fantastiske Dolomittene<\/h2>\n\n\n\n<p>V\u00e5r misjon er ikke bare \u00e5 utvide varemerket for varemerkets skyld, men \u00e5 v\u00e6re lojale mot v\u00e5rt kall om \u00e5 gi deg best mulig service med samme lidenskap som vi f\u00f8lte den f\u00f8rste dagen.<\/p>\n\n\n\n<p>Vi har et tett samarbeid med lokale leverand\u00f8rer, noe som betyr at vi alltid har de beste prisene for kundene v\u00e5re.&nbsp;<\/p>\n\n\n\n<figure class=\"wp-block-image size-large\"><img decoding=\"async\" src=\"https:\/\/skiholidaysdolomites.com\/wp-content\/uploads\/shutterstock-1-53-1024x683.webp\" alt=\"Shutterstock\" class=\"wp-image-335\"\/><figcaption class=\"wp-element-caption\">Du kan ikke annet enn \u00e5 forelske deg i Dolomittene.<\/figcaption><\/figure>\n\n\n\n<p>Kostnadene forblir lave fordi vi driver <strong>uten mellomledd<\/strong>, og det finnes <strong>ingen skjulte avgifter<\/strong>. Vi garanterer at pengene du bruker utelukkende g\u00e5r til \u00e5 gi deg den perfekte opplevelsen. I tillegg er vi et \u00f8konomisk beskyttet selskap, s\u00e5 du trenger ikke \u00e5 bekymre deg for pengene dine etter at du har bestilt en tur hos oss.<\/p>\n\n\n\n<p>Vi vil bare s\u00f8rge for at skituren blir hyggelig og problemfri for deg.<\/p>\n\n\n\n<p>Alt du trenger \u00e5 gj\u00f8re er \u00e5 bli med oss p\u00e5 skiferie, s\u00e5 vil Dolomittene alltid ha en spesiell plass i hjertet ditt. Hvis du vil utforske flere skisteder i Italia, kan du ta en titt p\u00e5 v\u00e5re partnere p\u00e5 <a href=\"https:\/\/skiholidaysitaly.com\/\">Skiferier i Italia.<\/a> <\/p>\n\n\n\n<p>Dolomittene er et vinterparadis for skientusiaster, men byr ogs\u00e5 p\u00e5 fantastiske opplevelser i de varmere m\u00e5nedene. <\/p>\n\n\n\n<p>N\u00e5r du er ferdig med ferien i Dolomittene, kan du sjekke ut noen av v\u00e5re p\u00e5litelige partnere p\u00e5 <a href=\"https:\/\/europeskiholidays.com\/\">Skiferier i Europa<\/a> og finn noe til deg selv til neste gang.<\/p>\n\n\n\n<p><\/p>\n<a href=\"https:\/\/www.wellaccepted.com\/\">&#8230;<\/a>","protected":false},"excerpt":{"rendered":"<p>\u00c5 se skiheltene mine p\u00e5 TV motiverte meg til \u00e5 forbedre ferdighetene mine og ta p\u00e5 meg nye utfordringer som skil\u00f8per, noe som snart resulterte i at jeg tilbrakte hvert eneste \u00f8yeblikk i de sn\u00f8dekte l\u00f8ypene om vinteren. I l\u00f8pet av disse \u00e5rene bes\u00f8kte jeg ogs\u00e5 mange utenlandske skisteder, og det var p\u00e5 disse reisene at jeg f\u00f8rst ... <a href=\"https:\/\/skiholidaysdolomites.com\/nb\/about-us\/\">Fortsettelse<\/a><\/p>","protected":false},"author":38,"featured_media":337,"parent":0,"menu_order":0,"comment_status":"open","ping_status":"open","template":"","meta":{"_acf_changed":false,"footnotes":""},"class_list":["post-39","page","type-page","status-publish","has-post-thumbnail","hentry"],"acf":{"page_subheading":"Discover the Dolomites: where alpine warmth meets Italian flair. Ski, dine, revel in luxury, and experience unmatched beauty with Ski Holidays Dolomites."},"_links":{"self":[{"href":"https:\/\/skiholidaysdolomites.com\/nb\/wp-json\/wp\/v2\/pages\/39","targetHints":{"allow":["GET"]}}],"collection":[{"href":"https:\/\/skiholidaysdolomites.com\/nb\/wp-json\/wp\/v2\/pages"}],"about":[{"href":"https:\/\/skiholidaysdolomites.com\/nb\/wp-json\/wp\/v2\/types\/page"}],"author":[{"embeddable":true,"href":"https:\/\/skiholidaysdolomites.com\/nb\/wp-json\/wp\/v2\/users\/38"}],"replies":[{"embeddable":true,"href":"https:\/\/skiholidaysdolomites.com\/nb\/wp-json\/wp\/v2\/comments?post=39"}],"version-history":[{"count":17,"href":"https:\/\/skiholidaysdolomites.com\/nb\/wp-json\/wp\/v2\/pages\/39\/revisions"}],"predecessor-version":[{"id":4205,"href":"https:\/\/skiholidaysdolomites.com\/nb\/wp-json\/wp\/v2\/pages\/39\/revisions\/4205"}],"wp:featuredmedia":[{"embeddable":true,"href":"https:\/\/skiholidaysdolomites.com\/nb\/wp-json\/wp\/v2\/media\/337"}],"wp:attachment":[{"href":"https:\/\/skiholidaysdolomites.com\/nb\/wp-json\/wp\/v2\/media?parent=39"}],"curies":[{"name":"wp","href":"https:\/\/api.w.org\/{rel}","templated":true}]}}