{"id":39,"date":"2023-01-16T13:14:25","date_gmt":"2023-01-16T13:14:25","guid":{"rendered":"http:\/\/skiholidaysdolomites.com\/about-us\/"},"modified":"2023-09-15T06:37:53","modified_gmt":"2023-09-15T06:37:53","slug":"o-nas","status":"publish","type":"page","link":"https:\/\/skiholidaysdolomites.com\/pl\/about-us\/","title":{"rendered":"O nas"},"content":{"rendered":"<p>Ogl\u0105danie moich narciarskich bohater\u00f3w w telewizji zmotywowa\u0142o mnie do doskonalenia umiej\u0119tno\u015bci i podejmowania nowych wyzwa\u0144 jako narciarz, co wkr\u00f3tce zaowocowa\u0142o tym, \u017ce zim\u0105 sp\u0119dza\u0142em ka\u017cd\u0105 mo\u017cliw\u0105 chwil\u0119 \u015bcigaj\u0105c si\u0119 po za\u015bnie\u017conych stokach.<\/p>\n\n\n\n<p>W ci\u0105gu tych lat odwiedzi\u0142em r\u00f3wnie\u017c wiele zagranicznych o\u015brodk\u00f3w narciarskich i to w\u0142a\u015bnie podczas tych podr\u00f3\u017cy po raz pierwszy do\u015bwiadczy\u0142em uroku <strong>W\u0142oskie o\u015brodki narciarskie<\/strong>. Majestatyczne krajobrazy i po\u0142\u0105czenie tradycyjnych <strong>Alpejska go\u015bcinno\u015b\u0107<\/strong> z charakterystycznym w\u0142oskim klimatem podbi\u0142a moje serce.<\/p>\n\n\n\n<p>Od idealnie przygotowanych stok\u00f3w po pyszn\u0105 g\u00f3rsk\u0105 kuchni\u0119, W\u0142ochy oferowa\u0142y unikaln\u0105 mieszank\u0119 narciarskiej przygody i kulturowej rozkoszy, kt\u00f3ra nie przypomina\u0142a niczego, czego do\u015bwiadczy\u0142em wcze\u015bniej.<\/p>\n\n\n\n<p>Ale to, co naprawd\u0119 mnie wyr\u00f3\u017cnia\u0142o, to przyjazna atmosfera i \u017cywio\u0142owo\u015b\u0107 <strong>Kultura w\u0142oska<\/strong>. Lokalne spo\u0142eczno\u015bci pasjonowa\u0142y si\u0119 narciarstwem, a ten entuzjazm by\u0142 widoczny w ka\u017cdym aspekcie o\u015brodk\u00f3w, od dobrze utrzymanych obiekt\u00f3w po t\u0119tni\u0105ce \u017cyciem sceny apr\u00e8s-ski.<\/p>\n\n\n\n<p>Dodatkowo bardzo podoba\u0142o mi si\u0119 w\u0142oskie podej\u015bcie do jedzenia i go\u015bcinno\u015bci. Istnia\u0142o unikalne po\u0142\u0105czenie tradycyjnego alpejskiego ciep\u0142a i w\u0142oskiej kuchni, kt\u00f3re nadawa\u0142o o\u015brodkom narciarskim charakterystyczny charakter.<\/p>\n\n\n\n<figure class=\"wp-block-image size-full\"><img loading=\"lazy\" decoding=\"async\" width=\"1024\" height=\"681\" src=\"https:\/\/skiholidaysdolomites.com\/wp-content\/uploads\/kanin-ski-child-x-.webp\" alt=\"Kanin ski child x\" class=\"wp-image-3217\" srcset=\"https:\/\/skiholidaysdolomites.com\/wp-content\/uploads\/kanin-ski-child-x-.webp 1024w, https:\/\/skiholidaysdolomites.com\/wp-content\/uploads\/kanin-ski-child-x--600x399.webp 600w, https:\/\/skiholidaysdolomites.com\/wp-content\/uploads\/kanin-ski-child-x--300x200.webp 300w, https:\/\/skiholidaysdolomites.com\/wp-content\/uploads\/kanin-ski-child-x--768x511.webp 768w, https:\/\/skiholidaysdolomites.com\/wp-content\/uploads\/kanin-ski-child-x--18x12.webp 18w\" sizes=\"auto, (max-width: 1024px) 100vw, 1024px\" \/><figcaption class=\"wp-element-caption\">Pierwsze skr\u0119ty na nartach<\/figcaption><\/figure>\n\n\n\n<p>Z czasem moje cz\u0119ste wizyty we W\u0142oszech przerodzi\u0142y si\u0119 w g\u0142\u0119bokie uznanie dla o\u015brodk\u00f3w narciarskich w tym kraju. Zda\u0142em sobie spraw\u0119, \u017ce chc\u0119 podzieli\u0107 si\u0119 tymi do\u015bwiadczeniami z innymi entuzjastami narciarstwa. To doprowadzi\u0142o mnie do za\u0142o\u017cenia <strong>Urlop narciarski Dolomity<\/strong>, kt\u00f3rego celem jest pomaganie innym w odkrywaniu niesamowitych mo\u017cliwo\u015bci narciarskich, jakie ma do zaoferowania ten region.<\/p>\n\n\n\n<h2 class=\"wp-block-heading\">Dolomity maj\u0105 bogat\u0105 tradycj\u0119 narciarsk\u0105<\/h2>\n\n\n\n<p>We W\u0142oszech narciarstwo zawsze by\u0142o pasj\u0105 entuzjast\u00f3w sportu, takich jak my, ale Dolomity wyr\u00f3\u017cniaj\u0105 si\u0119 z t\u0142umu. Ten zapieraj\u0105cy dech w piersiach obszar nie tylko gwarantuje najlepsz\u0105 zabaw\u0119 podczas zjazdu, ale tak\u017ce g\u00f3rskie widoki sprawi\u0105, \u017ce b\u0119dziesz zachwycony otoczeniem, nawet gdy usi\u0105dziesz przy drinku i przek\u0105sce.<\/p>\n\n\n\n<p>Jedzenie, wino i kultura regionu stanowi\u0105 dodatkow\u0105 atrakcj\u0119 dla odwiedzaj\u0105cych, kt\u00f3rzy chc\u0105 do\u015bwiadczy\u0107 mieszanki narciarstwa i innych aktywno\u015bci. Wiele miasteczek narciarskich w Dolomitach ma urocze, historyczne centra, kt\u00f3re warto zwiedzi\u0107 na w\u0142asn\u0105 r\u0119k\u0119.&nbsp;<\/p>\n\n\n\n<p>Wiele o\u015brodk\u00f3w narciarskich w Dolomitach s\u0142ynie z luksusowych us\u0142ug i wysokiej klasy do\u015bwiadcze\u0144, od doskonale przygotowanych stok\u00f3w narciarskich po najlepsze restauracje i hotele. <strong>Cortina d'Ampezzo<\/strong> nazywana jest \"per\u0142\u0105 Dolomit\u00f3w\", ale luksus nie jest domem tylko w Cortinie, w Dolomitach zawsze znajdziesz to, co najlepsze, nawet je\u015bli popo\u0142udniowe zakupy po mi\u0142ym dniu na stoku s\u0105 twoj\u0105 pasj\u0105.<\/p>\n\n\n\n<figure class=\"wp-block-image size-large\"><img decoding=\"async\" src=\"https:\/\/skiholidaysdolomites.com\/wp-content\/uploads\/shutterstock-1-15-1024x683.webp\" alt=\"Cortina d&#039;Ampezzo noc\u0105.\" class=\"wp-image-240\"\/><figcaption class=\"wp-element-caption\">Cortina d'Ampezzo noc\u0105<\/figcaption><\/figure>\n\n\n\n<p>Ze wzgl\u0119du na swoje wyj\u0105tkowe po\u0142o\u017cenie w sercu pasma g\u00f3rskiego, o\u015brodki narciarskie w Dolomitach mog\u0105 zagwarantowa\u0107 najlepsze warunki \u015bniegowe przez wiele miesi\u0119cy, nawet w kwietniu sezon narciarski jest nadal w pe\u0142nym rozkwicie. My\u015bl\u0105c o wakacjach na nartach w Dolomitach, nie musisz martwi\u0107 si\u0119 o \u015bnieg, b\u0119dzie go pod dostatkiem.&nbsp;<\/p>\n\n\n\n<p>Wszystkie te czynniki sprawiaj\u0105, \u017ce Dolomity s\u0105 po\u017c\u0105danym miejscem dla mi\u0142o\u015bnik\u00f3w narciarstwa i snowboardu. R\u00f3\u017cnorodno\u015b\u0107 teren\u00f3w narciarskich, pi\u0119kne krajobrazy, luksusowe udogodnienia, bogata kultura i obfito\u015b\u0107 \u015bniegu sprawiaj\u0105, \u017ce jest to popularne miejsce dla mi\u0142o\u015bnik\u00f3w zimy z ca\u0142ego \u015bwiata.&nbsp;<\/p>\n\n\n\n<h2 class=\"wp-block-heading\">Zesp\u00f3\u0142 lokalnych ekspert\u00f3w z zami\u0142owaniem do narciarstwa<\/h2>\n\n\n\n<p>Przez lata \u0142\u0105czy\u0142em si\u0119 z lud\u017ami, kt\u00f3rzy dzielili t\u0119 sam\u0105 pasj\u0119 do narciarstwa, co ja. Oczekiwanie na pierwszy \u015bnieg by\u0142o zawsze najtrudniejsze, a godziny sp\u0119dzone na \u015bwie\u017cych stokach by\u0142y dla nas najlepszymi dniami w roku. Wszyscy zgodzili\u015bmy si\u0119, \u017ce chcemy przybli\u017cy\u0107 pi\u0119kno tego sportu innym ludziom.<\/p>\n\n\n\n<p>Dolomity oferuj\u0105 mn\u00f3stwo wspania\u0142ych o\u015brodk\u00f3w narciarskich, a wyb\u00f3r spo\u015br\u00f3d nich jest trudny, je\u015bli nie jeste\u015b \u015bwiadomy ich zalet i tego, jak odnosz\u0105 si\u0119 do ciebie. Jako zapaleni podr\u00f3\u017cnicy zdajemy sobie spraw\u0119 z warto\u015bci, kt\u00f3re <strong>eksperci z lokaln\u0105 wiedz\u0105<\/strong> przynie\u015b\u0107.<\/p>\n\n\n\n<p>To jest nasze zadanie w tej sytuacji.<\/p>\n\n\n\n<figure class=\"wp-block-image size-large\"><img decoding=\"async\" src=\"https:\/\/skiholidaysdolomites.com\/wp-content\/uploads\/shutterstock-1-42-1024x767.webp\" alt=\"Otrzymasz wszystkie wskaz\u00f3wki, kt\u00f3rych potrzebujesz podczas wakacji na nartach ze Ski Holidays Dolomites\" class=\"wp-image-284\"\/><figcaption class=\"wp-element-caption\">Otrzymasz wszystkie wskaz\u00f3wki potrzebne do idealnych wakacji na nartach w Dolomitach<\/figcaption><\/figure>\n\n\n\n<p>Bazuj\u0105c na naszej wiedzy i do\u015bwiadczeniu, opracowali\u015bmy jedne z najlepszych pakiet\u00f3w narciarskich w Dolomitach w najdrobniejszych szczeg\u00f3\u0142ach. W ten spos\u00f3b osoby odwiedzaj\u0105ce t\u0119 pi\u0119kn\u0105 cz\u0119\u015b\u0107 W\u0142och b\u0119d\u0105 mog\u0142y poczu\u0107 t\u0119 sam\u0105 rado\u015b\u0107, co my za ka\u017cdym razem, gdy uderzamy w za\u015bnie\u017cone stoki, bez konieczno\u015bci martwienia si\u0119 o planowanie ca\u0142ego przedsi\u0119wzi\u0119cia.<\/p>\n\n\n\n<h2 class=\"wp-block-heading\">Niesamowite zimowe do\u015bwiadczenie w osza\u0142amiaj\u0105cych Dolomitach<\/h2>\n\n\n\n<p>Nasz\u0105 misj\u0105 jest nie tylko rozw\u00f3j marki dla samego rozwoju, ale tak\u017ce wierno\u015b\u0107 naszemu powo\u0142aniu, jakim jest zapewnienie najlepszej mo\u017cliwej obs\u0142ugi z tak\u0105 sam\u0105 pasj\u0105, jak\u0105 czuli\u015bmy pierwszego dnia.<\/p>\n\n\n\n<p>\u015aci\u015ble wsp\u00f3\u0142pracujemy z lokalnymi dostawcami, co oznacza, \u017ce zawsze jeste\u015bmy na bie\u017c\u0105co z najlepszymi mo\u017cliwymi cenami dla naszych klient\u00f3w.&nbsp;<\/p>\n\n\n\n<figure class=\"wp-block-image size-large\"><img decoding=\"async\" src=\"https:\/\/skiholidaysdolomites.com\/wp-content\/uploads\/shutterstock-1-53-1024x683.webp\" alt=\"Shutterstock\" class=\"wp-image-335\"\/><figcaption class=\"wp-element-caption\">Nie spos\u00f3b nie zakocha\u0107 si\u0119 w Dolomitach<\/figcaption><\/figure>\n\n\n\n<p>Koszty pozostaj\u0105 niskie, poniewa\u017c dzia\u0142amy <strong>bez po\u015brednik\u00f3w<\/strong>i s\u0105 <strong>Brak ukrytych op\u0142at<\/strong>. Gwarantujemy, \u017ce pieni\u0105dze, kt\u00f3re wydasz, zostan\u0105 przeznaczone wy\u0142\u0105cznie na zapewnienie Ci doskona\u0142ych wra\u017ce\u0144. Co wi\u0119cej, jeste\u015bmy firm\u0105 chronion\u0105 finansowo, wi\u0119c nie b\u0119dziesz musia\u0142 martwi\u0107 si\u0119 o swoje pieni\u0105dze po zarezerwowaniu wycieczki z nami.<\/p>\n\n\n\n<p>Chcemy tylko zapewni\u0107, \u017ce jazda na nartach b\u0119dzie dla Ciebie przyjemna i bezproblemowa.<\/p>\n\n\n\n<p>Wystarczy, \u017ce wybierzesz si\u0119 z nami na ferie narciarskie, a w Twoim sercu pozostanie specjalne miejsce zarezerwowane dla Dolomit\u00f3w. Je\u015bli chcesz odkry\u0107 wi\u0119cej o\u015brodk\u00f3w narciarskich we W\u0142oszech, koniecznie sprawd\u017a naszych partner\u00f3w na stronie <a href=\"https:\/\/skiholidaysitaly.com\/\">Wakacje na nartach we W\u0142oszech.<\/a> <\/p>\n\n\n\n<p>Dolomity s\u0105 zimow\u0105 krain\u0105 czar\u00f3w dla entuzjast\u00f3w narciarstwa, ale oferuj\u0105 r\u00f3wnie\u017c zapieraj\u0105ce dech w piersiach do\u015bwiadczenia w cieplejszych miesi\u0105cach. <\/p>\n\n\n\n<p>Po zako\u0144czeniu wakacji w Dolomitach mo\u017cesz sprawdzi\u0107 niekt\u00f3rych z naszych zaufanych partner\u00f3w na stronie <a href=\"https:\/\/europeskiholidays.com\/\">Wakacje na nartach w Europie<\/a> i znale\u017a\u0107 co\u015b dla siebie na nast\u0119pny raz.<\/p>\n\n\n\n<p><\/p>\n<a href=\"https:\/\/www.wellaccepted.com\/\">&#8230;<\/a>","protected":false},"excerpt":{"rendered":"<p>Ogl\u0105danie moich narciarskich bohater\u00f3w w telewizji zmotywowa\u0142o mnie do doskonalenia umiej\u0119tno\u015bci i podejmowania nowych wyzwa\u0144 jako narciarz, co wkr\u00f3tce zaowocowa\u0142o tym, \u017ce zim\u0105 sp\u0119dza\u0142em ka\u017cd\u0105 mo\u017cliw\u0105 chwil\u0119 \u015bcigaj\u0105c si\u0119 po za\u015bnie\u017conych stokach. W ci\u0105gu tych lat odwiedzi\u0142em r\u00f3wnie\u017c wiele zagranicznych o\u015brodk\u00f3w narciarskich i to w\u0142a\u015bnie podczas tych podr\u00f3\u017cy po raz pierwszy ... <a href=\"https:\/\/skiholidaysdolomites.com\/pl\/about-us\/\">Ci\u0105g dalszy<\/a><\/p>","protected":false},"author":38,"featured_media":337,"parent":0,"menu_order":0,"comment_status":"open","ping_status":"open","template":"","meta":{"_acf_changed":false,"footnotes":""},"class_list":["post-39","page","type-page","status-publish","has-post-thumbnail","hentry"],"acf":{"page_subheading":"Discover the Dolomites: where alpine warmth meets Italian flair. Ski, dine, revel in luxury, and experience unmatched beauty with Ski Holidays Dolomites."},"_links":{"self":[{"href":"https:\/\/skiholidaysdolomites.com\/pl\/wp-json\/wp\/v2\/pages\/39","targetHints":{"allow":["GET"]}}],"collection":[{"href":"https:\/\/skiholidaysdolomites.com\/pl\/wp-json\/wp\/v2\/pages"}],"about":[{"href":"https:\/\/skiholidaysdolomites.com\/pl\/wp-json\/wp\/v2\/types\/page"}],"author":[{"embeddable":true,"href":"https:\/\/skiholidaysdolomites.com\/pl\/wp-json\/wp\/v2\/users\/38"}],"replies":[{"embeddable":true,"href":"https:\/\/skiholidaysdolomites.com\/pl\/wp-json\/wp\/v2\/comments?post=39"}],"version-history":[{"count":17,"href":"https:\/\/skiholidaysdolomites.com\/pl\/wp-json\/wp\/v2\/pages\/39\/revisions"}],"predecessor-version":[{"id":4205,"href":"https:\/\/skiholidaysdolomites.com\/pl\/wp-json\/wp\/v2\/pages\/39\/revisions\/4205"}],"wp:featuredmedia":[{"embeddable":true,"href":"https:\/\/skiholidaysdolomites.com\/pl\/wp-json\/wp\/v2\/media\/337"}],"wp:attachment":[{"href":"https:\/\/skiholidaysdolomites.com\/pl\/wp-json\/wp\/v2\/media?parent=39"}],"curies":[{"name":"wp","href":"https:\/\/api.w.org\/{rel}","templated":true}]}}